{"id":6491,"date":"2012-07-31T15:17:41","date_gmt":"2012-07-31T13:17:41","guid":{"rendered":"http:\/\/www.carnets-de-traverse.com\/blog\/?page_id=6491"},"modified":"2020-12-01T22:59:28","modified_gmt":"2020-12-01T21:59:28","slug":"merci-pour-votre-commentaire","status":"publish","type":"page","link":"https:\/\/www.carnets-de-traverse.com\/blog\/merci-pour-votre-commentaire","title":{"rendered":"Merci pour votre commentaire !"},"content":{"rendered":"<p>Nous sommes\u00a0heureux de vous compter parmi les commentateurs du blog ! Votre commentaire est en cours de validation, il sera en ligne bient\u00f4t (si ce n&rsquo;est pas un vilain spam).<\/p>\n<div class=\"bloc_address\" style=\"margin-top: 0; text-align: left;\">Pour\u00a0prolonger le voyage, je vous propose de <a href=\"http:\/\/carnets-de-traverse.us1.list-manage2.com\/subscribe?u=657bd897229bb76d0492df6a5&amp;id=b6fa698093\" target=\"_blank\" rel=\"noopener noreferrer\" class=\"broken_link\">vous inscrire \u00e0 notre newsletter<\/a>. Chaque mois, recevez un r\u00e9sum\u00e9 de ce qu\u2019il s\u2019est pass\u00e9 sur le site ! Nouveaux carnets, nouveaux articles,\u2026 Gratuit et z\u00e9ro spam, c\u2019est jur\u00e9.<\/div>\n<p>Vous pouvez \u00e9galement suivre Carnets de traverse sur :<\/p>\n<ul>\n<li><a title=\"Facebook\" href=\"http:\/\/www.facebook.com\/carnetsdetraverse\" target=\"_blank\" rel=\"noopener noreferrer\" class=\"broken_link\">Facebook<\/a><\/li>\n<li><a title=\"Twitter\" href=\"https:\/\/twitter.com\/carnetstraverse\" target=\"_blank\" rel=\"noopener noreferrer\">Twitter<\/a><\/li>\n<li><a title=\"Instagram voyage\" href=\"https:\/\/instagram.com\/carnetstraverse\" target=\"_blank\" rel=\"noopener noreferrer\">Instagram<\/a><\/li>\n<li><a href=\"https:\/\/fr.pinterest.com\/carnetstraverse\/\" target=\"_blank\" rel=\"noopener noreferrer\">Pinterest<\/a><\/li>\n<\/ul>\n<p>Merci pour votre int\u00e9r\u00eat\u00a0!<br \/>\n\u00c0\u00a0tr\u00e8s bient\u00f4t,<\/p>\n<p>Julie<\/p>\n","protected":false},"excerpt":{"rendered":"<p>Nous sommes\u00a0heureux de vous compter parmi les commentateurs du blog ! Votre commentaire est en cours de validation, il sera en ligne bient\u00f4t (si ce n&rsquo;est pas un vilain spam). Pour\u00a0prolonger le voyage, je vous propose de vous inscrire \u00e0 notre newsletter. Chaque mois, recevez un r\u00e9sum\u00e9 de ce qu\u2019il s\u2019est pass\u00e9 sur le site [&hellip;]<\/p>\n","protected":false},"author":17,"featured_media":0,"parent":0,"menu_order":0,"comment_status":"closed","ping_status":"closed","template":"","meta":{"footnotes":""},"class_list":["post-6491","page","type-page","status-publish","hentry"],"yoast_head":"<!-- This site is optimized with the Yoast SEO Premium plugin v17.9 (Yoast SEO v24.9) - https:\/\/yoast.com\/wordpress\/plugins\/seo\/ -->\n<title>Merci pour votre commentaire ! - \u2716 Carnets de traverse<\/title>\n<meta name=\"robots\" content=\"index, follow, max-snippet:-1, max-image-preview:large, max-video-preview:-1\" \/>\n<link rel=\"canonical\" href=\"https:\/\/www.carnets-de-traverse.com\/blog\/merci-pour-votre-commentaire\" \/>\n<meta property=\"og:locale\" content=\"fr_FR\" \/>\n<meta property=\"og:type\" content=\"article\" \/>\n<meta property=\"og:title\" content=\"Merci pour votre commentaire !\" \/>\n<meta property=\"og:description\" content=\"Nous sommes\u00a0heureux de vous compter parmi les commentateurs du blog ! Votre commentaire est en cours de validation, il sera en ligne bient\u00f4t (si ce n&rsquo;est pas un vilain spam). Pour\u00a0prolonger le voyage, je vous propose de vous inscrire \u00e0 notre newsletter. Chaque mois, recevez un r\u00e9sum\u00e9 de ce qu\u2019il s\u2019est pass\u00e9 sur le site [&hellip;]\" \/>\n<meta property=\"og:url\" content=\"https:\/\/www.carnets-de-traverse.com\/blog\/merci-pour-votre-commentaire\" \/>\n<meta property=\"og:site_name\" content=\"\u2716 Carnets de traverse\" \/>\n<meta property=\"article:modified_time\" content=\"2020-12-01T21:59:28+00:00\" \/>\n<meta name=\"twitter:card\" content=\"summary_large_image\" \/>\n<script type=\"application\/ld+json\" class=\"yoast-schema-graph\">{\"@context\":\"https:\/\/schema.org\",\"@graph\":[{\"@type\":\"WebPage\",\"@id\":\"https:\/\/www.carnets-de-traverse.com\/blog\/merci-pour-votre-commentaire\",\"url\":\"https:\/\/www.carnets-de-traverse.com\/blog\/merci-pour-votre-commentaire\",\"name\":\"Merci pour votre commentaire ! - \u2716 Carnets de traverse\",\"isPartOf\":{\"@id\":\"https:\/\/www.carnets-de-traverse.com\/blog\/#website\"},\"datePublished\":\"2012-07-31T13:17:41+00:00\",\"dateModified\":\"2020-12-01T21:59:28+00:00\",\"breadcrumb\":{\"@id\":\"https:\/\/www.carnets-de-traverse.com\/blog\/merci-pour-votre-commentaire#breadcrumb\"},\"inLanguage\":\"fr-FR\",\"potentialAction\":[{\"@type\":\"ReadAction\",\"target\":[\"https:\/\/www.carnets-de-traverse.com\/blog\/merci-pour-votre-commentaire\"]}]},{\"@type\":\"BreadcrumbList\",\"@id\":\"https:\/\/www.carnets-de-traverse.com\/blog\/merci-pour-votre-commentaire#breadcrumb\",\"itemListElement\":[{\"@type\":\"ListItem\",\"position\":1,\"name\":\"Accueil\",\"item\":\"https:\/\/www.carnets-de-traverse.com\/blog\"},{\"@type\":\"ListItem\",\"position\":2,\"name\":\"Merci pour votre commentaire !\"}]},{\"@type\":\"WebSite\",\"@id\":\"https:\/\/www.carnets-de-traverse.com\/blog\/#website\",\"url\":\"https:\/\/www.carnets-de-traverse.com\/blog\/\",\"name\":\"\u2716 Carnets de traverse\",\"description\":\"Blog voyage, photographie et carnets de voyage\",\"potentialAction\":[{\"@type\":\"SearchAction\",\"target\":{\"@type\":\"EntryPoint\",\"urlTemplate\":\"https:\/\/www.carnets-de-traverse.com\/blog\/?s={search_term_string}\"},\"query-input\":{\"@type\":\"PropertyValueSpecification\",\"valueRequired\":true,\"valueName\":\"search_term_string\"}}],\"inLanguage\":\"fr-FR\"}]}<\/script>\n<!-- \/ Yoast SEO Premium plugin. -->","yoast_head_json":{"title":"Merci pour votre commentaire ! - \u2716 Carnets de traverse","robots":{"index":"index","follow":"follow","max-snippet":"max-snippet:-1","max-image-preview":"max-image-preview:large","max-video-preview":"max-video-preview:-1"},"canonical":"https:\/\/www.carnets-de-traverse.com\/blog\/merci-pour-votre-commentaire","og_locale":"fr_FR","og_type":"article","og_title":"Merci pour votre commentaire !","og_description":"Nous sommes\u00a0heureux de vous compter parmi les commentateurs du blog ! Votre commentaire est en cours de validation, il sera en ligne bient\u00f4t (si ce n&rsquo;est pas un vilain spam). Pour\u00a0prolonger le voyage, je vous propose de vous inscrire \u00e0 notre newsletter. Chaque mois, recevez un r\u00e9sum\u00e9 de ce qu\u2019il s\u2019est pass\u00e9 sur le site [&hellip;]","og_url":"https:\/\/www.carnets-de-traverse.com\/blog\/merci-pour-votre-commentaire","og_site_name":"\u2716 Carnets de traverse","article_modified_time":"2020-12-01T21:59:28+00:00","twitter_card":"summary_large_image","schema":{"@context":"https:\/\/schema.org","@graph":[{"@type":"WebPage","@id":"https:\/\/www.carnets-de-traverse.com\/blog\/merci-pour-votre-commentaire","url":"https:\/\/www.carnets-de-traverse.com\/blog\/merci-pour-votre-commentaire","name":"Merci pour votre commentaire ! - \u2716 Carnets de traverse","isPartOf":{"@id":"https:\/\/www.carnets-de-traverse.com\/blog\/#website"},"datePublished":"2012-07-31T13:17:41+00:00","dateModified":"2020-12-01T21:59:28+00:00","breadcrumb":{"@id":"https:\/\/www.carnets-de-traverse.com\/blog\/merci-pour-votre-commentaire#breadcrumb"},"inLanguage":"fr-FR","potentialAction":[{"@type":"ReadAction","target":["https:\/\/www.carnets-de-traverse.com\/blog\/merci-pour-votre-commentaire"]}]},{"@type":"BreadcrumbList","@id":"https:\/\/www.carnets-de-traverse.com\/blog\/merci-pour-votre-commentaire#breadcrumb","itemListElement":[{"@type":"ListItem","position":1,"name":"Accueil","item":"https:\/\/www.carnets-de-traverse.com\/blog"},{"@type":"ListItem","position":2,"name":"Merci pour votre commentaire !"}]},{"@type":"WebSite","@id":"https:\/\/www.carnets-de-traverse.com\/blog\/#website","url":"https:\/\/www.carnets-de-traverse.com\/blog\/","name":"\u2716 Carnets de traverse","description":"Blog voyage, photographie et carnets de voyage","potentialAction":[{"@type":"SearchAction","target":{"@type":"EntryPoint","urlTemplate":"https:\/\/www.carnets-de-traverse.com\/blog\/?s={search_term_string}"},"query-input":{"@type":"PropertyValueSpecification","valueRequired":true,"valueName":"search_term_string"}}],"inLanguage":"fr-FR"}]}},"_links":{"self":[{"href":"https:\/\/www.carnets-de-traverse.com\/blog\/wp-json\/wp\/v2\/pages\/6491","targetHints":{"allow":["GET"]}}],"collection":[{"href":"https:\/\/www.carnets-de-traverse.com\/blog\/wp-json\/wp\/v2\/pages"}],"about":[{"href":"https:\/\/www.carnets-de-traverse.com\/blog\/wp-json\/wp\/v2\/types\/page"}],"author":[{"embeddable":true,"href":"https:\/\/www.carnets-de-traverse.com\/blog\/wp-json\/wp\/v2\/users\/17"}],"replies":[{"embeddable":true,"href":"https:\/\/www.carnets-de-traverse.com\/blog\/wp-json\/wp\/v2\/comments?post=6491"}],"version-history":[{"count":1,"href":"https:\/\/www.carnets-de-traverse.com\/blog\/wp-json\/wp\/v2\/pages\/6491\/revisions"}],"predecessor-version":[{"id":40175,"href":"https:\/\/www.carnets-de-traverse.com\/blog\/wp-json\/wp\/v2\/pages\/6491\/revisions\/40175"}],"wp:attachment":[{"href":"https:\/\/www.carnets-de-traverse.com\/blog\/wp-json\/wp\/v2\/media?parent=6491"}],"curies":[{"name":"wp","href":"https:\/\/api.w.org\/{rel}","templated":true}]}}